{"id":103,"date":"2020-03-26T13:29:37","date_gmt":"2020-03-26T13:29:37","guid":{"rendered":"https:\/\/blechblosflatz.at\/?page_id=103"},"modified":"2020-08-22T14:47:30","modified_gmt":"2020-08-22T13:47:30","slug":"uber-mich","status":"publish","type":"page","link":"https:\/\/blechblosflatz.at\/?page_id=103","title":{"rendered":"\u00dcber uns"},"content":{"rendered":"\n<p><strong>WIR<\/strong><\/p>\n\n\n\n<p class=\"has-text-align-left\">Die 7 Hobbymusiker von <strong>B<\/strong>lech <strong>B<\/strong>los <strong>F<\/strong>latz (<strong>BBF<\/strong> ) entstammen alle der Trachtenkapelle Flatz (<a href=\"http:\/\/web.tk-flatz.at\/\">www.tk-flatz.at<\/a>), und machen Musik, welche Ihnen mit Garantie Freude bereitet. Das kleine \u00d6rtchen Flatz, die Heimat der Musikanten liegt im s\u00fcdlichen Nieder\u00f6sterreich \u2013 \u201eZwischen Wien und Graz liegt das sch\u00f6ne Flatz\u201c.<br>Sie sind bei Fr\u00fch &#8211; D\u00e4mmerschoppen und anderen Anl\u00e4ssen zu h\u00f6ren. Das Programm von BBF enth\u00e4lt B\u00f6hmisch-M\u00e4hrische Blasmusik, Oberkrainer und moderne Blasmusik (vor allem \u201eOhrw\u00fcrmer\u201c) bis hin zu \u00f6sterreichischen Traditionsm\u00e4rschen.<br>Markus, Hannes, Kurt, Felix, Johannes, J\u00fcrgen und Andreas sind \u201edie 7\u201c, welche Sie mit ihrer Musik erfreuen m\u00f6chten. Alle k\u00f6nnen auf eine lange Blasmusik- aber auch Tanz- und Unterhaltungsmusik &#8211; Karriere zur\u00fcckblicken. <strong><br> \u201e<strong>Spa\u00df und<\/strong><\/strong> <strong>Freude bei der Musik<\/strong>\u201c ist das Motto von BBF.<\/p>\n\n\n\n<p class=\"has-text-align-left\"><strong><u>Referenzen:<\/u><\/strong><br>2019&nbsp;&nbsp;&nbsp;&nbsp;&nbsp;&nbsp;&nbsp;&nbsp;&nbsp;&nbsp;&nbsp;&nbsp;&nbsp;&nbsp;&nbsp;  5-J\u00e4hriges Jubil\u00e4um gemeinsam mit einer Rockband \u201e<strong><a href=\"https:\/\/www.facebook.com\/missinglink.rockshow\/?ref=br_rs\">Missing Link<\/a><\/strong>\u201c<br>2016 \u2013 2019&nbsp;&nbsp;&nbsp; 4 x iges Fr\u00fchschoppen \u201e<strong><a href=\"https:\/\/www.wienerwiesnfest.at\/\">Wiener Wiesn Fest<\/a><\/strong>\u201c &#8211; \u00d6sterreichs gr\u00f6\u00dftes Oktoberfest in Wien         <br>2018&nbsp;&nbsp;&nbsp;&nbsp;&nbsp;&nbsp;&nbsp;&nbsp;&nbsp;&nbsp;&nbsp;&nbsp;&nbsp;&nbsp;&nbsp;  D\u00e4mmerschoppen \u201e<strong>Altausseer Kirtag<\/strong>\u201c<br>Seit der Gr\u00fcndung von BBF (2015) diverse Veranstaltungen im Osten von \u00d6sterreich<br><\/p>\n\n\n\n<p><\/p>\n\n\n\n<p><\/p>\n\n\n\n<p><\/p>\n\n\n\n<p><\/p>\n\n\n\n<p><\/p>\n\n\n\n<p><\/p>\n","protected":false},"excerpt":{"rendered":"<p>WIR Die 7 Hobbymusiker von Blech Blos Flatz (BBF ) entstammen alle der Trachtenkapelle Flatz (www.tk-flatz.at), und machen Musik, welche Ihnen mit Garantie Freude bereitet.&hellip;<\/p>\n","protected":false},"author":1,"featured_media":543,"parent":0,"menu_order":0,"comment_status":"closed","ping_status":"closed","template":"","meta":[],"_links":{"self":[{"href":"https:\/\/blechblosflatz.at\/index.php?rest_route=\/wp\/v2\/pages\/103"}],"collection":[{"href":"https:\/\/blechblosflatz.at\/index.php?rest_route=\/wp\/v2\/pages"}],"about":[{"href":"https:\/\/blechblosflatz.at\/index.php?rest_route=\/wp\/v2\/types\/page"}],"author":[{"embeddable":true,"href":"https:\/\/blechblosflatz.at\/index.php?rest_route=\/wp\/v2\/users\/1"}],"replies":[{"embeddable":true,"href":"https:\/\/blechblosflatz.at\/index.php?rest_route=%2Fwp%2Fv2%2Fcomments&post=103"}],"version-history":[{"count":10,"href":"https:\/\/blechblosflatz.at\/index.php?rest_route=\/wp\/v2\/pages\/103\/revisions"}],"predecessor-version":[{"id":546,"href":"https:\/\/blechblosflatz.at\/index.php?rest_route=\/wp\/v2\/pages\/103\/revisions\/546"}],"wp:featuredmedia":[{"embeddable":true,"href":"https:\/\/blechblosflatz.at\/index.php?rest_route=\/wp\/v2\/media\/543"}],"wp:attachment":[{"href":"https:\/\/blechblosflatz.at\/index.php?rest_route=%2Fwp%2Fv2%2Fmedia&parent=103"}],"curies":[{"name":"wp","href":"https:\/\/api.w.org\/{rel}","templated":true}]}}